{"id":73,"date":"2020-03-30T16:27:43","date_gmt":"2020-03-30T16:27:43","guid":{"rendered":"https:\/\/primealture.oltrepoacasatua.it\/?page_id=73"},"modified":"2022-09-13T09:49:13","modified_gmt":"2022-09-13T09:49:13","slug":"consigli-per-gli-acquisti","status":"publish","type":"page","link":"https:\/\/percivalle.oltrepoacasatua.it\/index.php\/consigli-per-gli-acquisti\/","title":{"rendered":"Perch\u00e8 acquistare&#8230;"},"content":{"rendered":"<h4><strong>PERCHE&#8217; ACQUISTARE<\/strong><\/h4>\n<p>L&#8217;Oltrep\u00f2 Pavese, il \u201cfuori porta di Milano\u201d, con Oltrepoacasatua, il Portale Oltrepo Pavese vuole promuovere la vendita dei prodotti del territorio e la Cantina Percivalle Vini Biologici c&#8217;\u00e8, con i suoi spumanti e i suoi vini di qualit\u00e0!&#8221;<\/p>\n<p><strong>Perch\u00e9 riceverete a casa vostra i vini della Cantina Percivalle Vini BIO senza intermediari, al prezzo di cantina.<\/strong><\/p>\n<p><strong>Perch\u00e8 l&#8217;Oltrep\u00f2 Pavese \u00e8 la prima zona di produzione dei Vini della Lombardia e la pi\u00f9 antica<\/strong><\/p>\n<p><strong>Perch\u00e8 l&#8217;Oltrep\u00f2 Pavese e la Cantina Percivalle Vini BIO non vogliono farsi dimenticare<\/strong><\/p>\n<div class=\"sharedaddy sd-sharing-enabled\"><div class=\"robots-nocontent sd-block sd-social sd-social-official sd-sharing\"><h3 class=\"sd-title\">Condividi:<\/h3><div class=\"sd-content\"><ul><li class=\"share-twitter\"><a href=\"https:\/\/twitter.com\/share\" class=\"twitter-share-button\" data-url=\"https:\/\/percivalle.oltrepoacasatua.it\/index.php\/consigli-per-gli-acquisti\/\" data-text=\"Perch\u00e8 acquistare...\"  >Tweet<\/a><\/li><li class=\"share-facebook\"><div class=\"fb-share-button\" data-href=\"https:\/\/percivalle.oltrepoacasatua.it\/index.php\/consigli-per-gli-acquisti\/\" data-layout=\"button_count\"><\/div><\/li><li class=\"share-end\"><\/li><\/ul><\/div><\/div><\/div>","protected":false},"excerpt":{"rendered":"<p>PERCHE&#8217; ACQUISTARE L&#8217;Oltrep\u00f2 Pavese, il \u201cfuori porta di Milano\u201d, con Oltrepoacasatua, il Portale Oltrepo Pavese vuole promuovere la vendita dei prodotti del territorio e la Cantina Percivalle Vini Biologici c&#8217;\u00e8, con i suoi spumanti e i suoi vini di qualit\u00e0!&#8221; Perch\u00e9 riceverete a casa vostra i vini della Cantina Percivalle Vini BIO senza intermediari, al&hellip;<\/p>\n<div class=\"sharedaddy sd-sharing-enabled\"><div class=\"robots-nocontent sd-block sd-social sd-social-official sd-sharing\"><h3 class=\"sd-title\">Condividi:<\/h3><div class=\"sd-content\"><ul><li class=\"share-twitter\"><a href=\"https:\/\/twitter.com\/share\" class=\"twitter-share-button\" data-url=\"https:\/\/percivalle.oltrepoacasatua.it\/index.php\/consigli-per-gli-acquisti\/\" data-text=\"Perch\u00e8 acquistare...\"  >Tweet<\/a><\/li><li class=\"share-facebook\"><div class=\"fb-share-button\" data-href=\"https:\/\/percivalle.oltrepoacasatua.it\/index.php\/consigli-per-gli-acquisti\/\" data-layout=\"button_count\"><\/div><\/li><li class=\"share-end\"><\/li><\/ul><\/div><\/div><\/div>","protected":false},"author":1,"featured_media":0,"parent":0,"menu_order":0,"comment_status":"closed","ping_status":"closed","template":"","meta":[],"jetpack_sharing_enabled":true,"jetpack_likes_enabled":true,"_links":{"self":[{"href":"https:\/\/percivalle.oltrepoacasatua.it\/index.php\/wp-json\/wp\/v2\/pages\/73"}],"collection":[{"href":"https:\/\/percivalle.oltrepoacasatua.it\/index.php\/wp-json\/wp\/v2\/pages"}],"about":[{"href":"https:\/\/percivalle.oltrepoacasatua.it\/index.php\/wp-json\/wp\/v2\/types\/page"}],"author":[{"embeddable":true,"href":"https:\/\/percivalle.oltrepoacasatua.it\/index.php\/wp-json\/wp\/v2\/users\/1"}],"replies":[{"embeddable":true,"href":"https:\/\/percivalle.oltrepoacasatua.it\/index.php\/wp-json\/wp\/v2\/comments?post=73"}],"version-history":[{"count":28,"href":"https:\/\/percivalle.oltrepoacasatua.it\/index.php\/wp-json\/wp\/v2\/pages\/73\/revisions"}],"predecessor-version":[{"id":563,"href":"https:\/\/percivalle.oltrepoacasatua.it\/index.php\/wp-json\/wp\/v2\/pages\/73\/revisions\/563"}],"wp:attachment":[{"href":"https:\/\/percivalle.oltrepoacasatua.it\/index.php\/wp-json\/wp\/v2\/media?parent=73"}],"curies":[{"name":"wp","href":"https:\/\/api.w.org\/{rel}","templated":true}]}}